{"id":1407,"date":"2023-05-05T14:36:33","date_gmt":"2023-05-05T12:36:33","guid":{"rendered":"https:\/\/www.salamah.fr\/tour\/?page_id=1407"},"modified":"2025-06-02T15:11:53","modified_gmt":"2025-06-02T13:11:53","slug":"tournee-des-bauges","status":"publish","type":"page","link":"https:\/\/www.salamah.fr\/tour\/tournee-des-bauges\/","title":{"rendered":"TOURNEE DES BAUGES"},"content":{"rendered":"<p>[et_pb_section fb_built=\u00a0\u00bb1&Prime; _builder_version=\u00a0\u00bb4.20.4&Prime; _module_preset=\u00a0\u00bbdefault\u00a0\u00bb global_colors_info=\u00a0\u00bb{}\u00a0\u00bb][et_pb_row _builder_version=\u00a0\u00bb4.20.4&Prime; _module_preset=\u00a0\u00bbdefault\u00a0\u00bb global_colors_info=\u00a0\u00bb{}\u00a0\u00bb][et_pb_column type=\u00a0\u00bb4_4&Prime; _builder_version=\u00a0\u00bb4.20.4&Prime; _module_preset=\u00a0\u00bbdefault\u00a0\u00bb global_colors_info=\u00a0\u00bb{}\u00a0\u00bb][et_pb_text _builder_version=\u00a0\u00bb4.21.0&Prime; _module_preset=\u00a0\u00bbdefault\u00a0\u00bb text_font_size=\u00a0\u00bb22px\u00a0\u00bb global_colors_info=\u00a0\u00bb{}\u00a0\u00bb]<\/p>\n<h1 style=\"text-align: center;\"><strong>TOURN\u00c9E DES BAUGES<\/strong><\/h1>\n<p>[\/et_pb_text][\/et_pb_column][\/et_pb_row][et_pb_row column_structure=\u00a0\u00bb1_2,1_2&Prime; _builder_version=\u00a0\u00bb4.20.4&Prime; _module_preset=\u00a0\u00bbdefault\u00a0\u00bb global_colors_info=\u00a0\u00bb{}\u00a0\u00bb][et_pb_column type=\u00a0\u00bb1_2&Prime; _builder_version=\u00a0\u00bb4.20.4&Prime; _module_preset=\u00a0\u00bbdefault\u00a0\u00bb global_colors_info=\u00a0\u00bb{}\u00a0\u00bb][et_pb_image src=\u00a0\u00bbhttps:\/\/www.salamah.fr\/tour\/wp-content\/uploads\/2024\/06\/Affiche-Tournee-Bauges-Global-6-web.jpg\u00a0\u00bb title_text=\u00a0\u00bbAffiche-Tournee-Bauges-Global-6-web\u00a0\u00bb _builder_version=\u00a0\u00bb4.25.2&Prime; _module_preset=\u00a0\u00bbdefault\u00a0\u00bb global_colors_info=\u00a0\u00bb{}\u00a0\u00bb][\/et_pb_image][\/et_pb_column][et_pb_column type=\u00a0\u00bb1_2&Prime; _builder_version=\u00a0\u00bb4.20.4&Prime; _module_preset=\u00a0\u00bbdefault\u00a0\u00bb global_colors_info=\u00a0\u00bb{}\u00a0\u00bb][et_pb_text _builder_version=\u00a0\u00bb4.22.2&Prime; _module_preset=\u00a0\u00bbdefault\u00a0\u00bb text_font=\u00a0\u00bbMontserrat||||||||\u00a0\u00bb text_font_size=\u00a0\u00bb20px\u00a0\u00bb global_colors_info=\u00a0\u00bb{}\u00a0\u00bb]<\/p>\n<p style=\"text-align: justify;\">En 2023, Salamah a d\u00e9cid\u00e9 de porter une initiative de programmation en milieu rural sur le territoire des Bauges.<\/p>\n<p style=\"text-align: justify;\">Avec le soutien du CNM et de la r\u00e9gion Auvergne Rh\u00f4ne-Alpes, nous avons imagin\u00e9 une tourn\u00e9e 2023 qui propose<strong> 6 artistes dans 6 lieux<\/strong> du territoire des Bauges.<\/p>\n<p><strong>Les artistes pr\u00e9sent\u00e9s sont Captain XXI, Mother Saturn, Just Ses Cils, Claire Days, Leonid et Lakay.<\/strong><\/p>\n<p style=\"text-align: justify;\"><strong><\/strong><\/p>\n<p>Les lieux et les structures qui accueillent ce projet sont :<\/p>\n<ul>\n<li style=\"text-align: justify;\"><strong>Le 5 Points Bar <\/strong>\u00e0 Aix-les-Bains, aux pieds des Bauges,<\/li>\n<li style=\"text-align: justify;\"><strong>La Brasserie du Merle<\/strong> \u00e0 Puygros (1 concert organis\u00e9 par les Vaches Folles dans les jardins de la brasserie et 1 concert organis\u00e9 en int\u00e9rieur par la brasserie),<\/li>\n<li style=\"text-align: justify;\"><strong>Le Refuge du Creux de Lachat<\/strong> \u00e0 Arith,<\/li>\n<li style=\"text-align: justify;\"><strong>La Chartreuse d&rsquo;Aillon<\/strong> \u00e0 Aillon-le-Jeune (organis\u00e9 par le Parc naturel R\u00e9gional du Massif des Bauges),<\/li>\n<li style=\"text-align: justify;\"><strong>La Fabrique des Bauges<\/strong> (organis\u00e9 par La Cri\u00e9e en Bauges).<\/li>\n<\/ul>\n<p>[\/et_pb_text][\/et_pb_column][\/et_pb_row][et_pb_row column_structure=\u00a0\u00bb1_6,1_6,1_6,1_6,1_6,1_6&Prime; _builder_version=\u00a0\u00bb4.25.2&Prime; _module_preset=\u00a0\u00bbdefault\u00a0\u00bb global_colors_info=\u00a0\u00bb{}\u00a0\u00bb][et_pb_column type=\u00a0\u00bb1_6&Prime; _builder_version=\u00a0\u00bb4.20.4&Prime; _module_preset=\u00a0\u00bbdefault\u00a0\u00bb global_colors_info=\u00a0\u00bb{}\u00a0\u00bb][et_pb_image src=\u00a0\u00bbhttps:\/\/www.salamah.fr\/tour\/wp-content\/uploads\/2025\/06\/captain.jpg\u00a0\u00bb title_text=\u00a0\u00bbcaptain\u00a0\u00bb _builder_version=\u00a0\u00bb4.27.4&Prime; _module_preset=\u00a0\u00bbdefault\u00a0\u00bb hover_enabled=\u00a0\u00bb0&Prime; global_colors_info=\u00a0\u00bb{}\u00a0\u00bb sticky_enabled=\u00a0\u00bb0&Prime;][\/et_pb_image][\/et_pb_column][et_pb_column type=\u00a0\u00bb1_6&Prime; _builder_version=\u00a0\u00bb4.20.4&Prime; _module_preset=\u00a0\u00bbdefault\u00a0\u00bb hover_enabled=\u00a0\u00bb0&Prime; global_colors_info=\u00a0\u00bb{}\u00a0\u00bb sticky_enabled=\u00a0\u00bb0&Prime;][et_pb_image src=\u00a0\u00bbhttps:\/\/www.salamah.fr\/tour\/wp-content\/uploads\/2022\/04\/Mother_saturn_band_Salamah-1.jpg\u00a0\u00bb title_text=\u00a0\u00bbMother_saturn_band_Salamah-1&Prime; url=\u00a0\u00bbhttps:\/\/www.salamah.fr\/tour\/project\/mother-saturn\/\u00a0\u00bb _builder_version=\u00a0\u00bb4.20.4&Prime; _module_preset=\u00a0\u00bbdefault\u00a0\u00bb global_colors_info=\u00a0\u00bb{}\u00a0\u00bb][\/et_pb_image][\/et_pb_column][et_pb_column type=\u00a0\u00bb1_6&Prime; _builder_version=\u00a0\u00bb4.20.4&Prime; _module_preset=\u00a0\u00bbdefault\u00a0\u00bb global_colors_info=\u00a0\u00bb{}\u00a0\u00bb][et_pb_image src=\u00a0\u00bbhttps:\/\/www.salamah.fr\/tour\/wp-content\/uploads\/2022\/11\/Justsescils-band-Salamah-2.jpg\u00a0\u00bb title_text=\u00a0\u00bbJustsescils-band-Salamah-2&Prime; url=\u00a0\u00bbhttps:\/\/www.salamah.fr\/tour\/project\/just-ses-cils\/\u00a0\u00bb _builder_version=\u00a0\u00bb4.20.4&Prime; _module_preset=\u00a0\u00bbdefault\u00a0\u00bb global_colors_info=\u00a0\u00bb{}\u00a0\u00bb][\/et_pb_image][\/et_pb_column][et_pb_column type=\u00a0\u00bb1_6&Prime; _builder_version=\u00a0\u00bb4.20.4&Prime; _module_preset=\u00a0\u00bbdefault\u00a0\u00bb global_colors_info=\u00a0\u00bb{}\u00a0\u00bb][et_pb_image src=\u00a0\u00bbhttps:\/\/www.salamah.fr\/tour\/wp-content\/uploads\/2025\/06\/headerClaireDaysCreature20211240X630Px-e1684848154351.jpg\u00a0\u00bb title_text=\u00a0\u00bbheaderClaireDaysCreature20211240X630Px-e1684848154351&Prime; _builder_version=\u00a0\u00bb4.27.4&Prime; _module_preset=\u00a0\u00bbdefault\u00a0\u00bb hover_enabled=\u00a0\u00bb0&Prime; global_colors_info=\u00a0\u00bb{}\u00a0\u00bb sticky_enabled=\u00a0\u00bb0&Prime; custom_padding=\u00a0\u00bb||12px|||\u00a0\u00bb][\/et_pb_image][\/et_pb_column][et_pb_column type=\u00a0\u00bb1_6&Prime; _builder_version=\u00a0\u00bb4.20.4&Prime; _module_preset=\u00a0\u00bbdefault\u00a0\u00bb global_colors_info=\u00a0\u00bb{}\u00a0\u00bb][et_pb_image src=\u00a0\u00bbhttps:\/\/www.salamah.fr\/tour\/wp-content\/uploads\/2025\/06\/leonid.jpg\u00a0\u00bb title_text=\u00a0\u00bbleonid\u00a0\u00bb _builder_version=\u00a0\u00bb4.27.4&Prime; _module_preset=\u00a0\u00bbdefault\u00a0\u00bb hover_enabled=\u00a0\u00bb0&Prime; global_colors_info=\u00a0\u00bb{}\u00a0\u00bb sticky_enabled=\u00a0\u00bb0&Prime;][\/et_pb_image][\/et_pb_column][et_pb_column type=\u00a0\u00bb1_6&Prime; _builder_version=\u00a0\u00bb4.20.4&Prime; _module_preset=\u00a0\u00bbdefault\u00a0\u00bb global_colors_info=\u00a0\u00bb{}\u00a0\u00bb][et_pb_image src=\u00a0\u00bbhttps:\/\/www.salamah.fr\/tour\/wp-content\/uploads\/2022\/04\/Lakay-1.jpg\u00a0\u00bb title_text=\u00a0\u00bbLakay-1&Prime; url=\u00a0\u00bbhttps:\/\/www.salamah.fr\/tour\/project\/sycamore-sisters\/\u00a0\u00bb _builder_version=\u00a0\u00bb4.22.2&Prime; _module_preset=\u00a0\u00bbdefault\u00a0\u00bb global_colors_info=\u00a0\u00bb{}\u00a0\u00bb][\/et_pb_image][\/et_pb_column][\/et_pb_row][et_pb_row column_structure=\u00a0\u00bb1_6,1_6,1_6,1_6,1_6,1_6&Prime; _builder_version=\u00a0\u00bb4.25.2&Prime; _module_preset=\u00a0\u00bbdefault\u00a0\u00bb global_colors_info=\u00a0\u00bb{}\u00a0\u00bb][et_pb_column type=\u00a0\u00bb1_6&Prime; _builder_version=\u00a0\u00bb4.20.4&Prime; _module_preset=\u00a0\u00bbdefault\u00a0\u00bb global_colors_info=\u00a0\u00bb{}\u00a0\u00bb][et_pb_text _builder_version=\u00a0\u00bb4.25.2&Prime; _module_preset=\u00a0\u00bbdefault\u00a0\u00bb global_colors_info=\u00a0\u00bb{}\u00a0\u00bb]<\/p>\n<p style=\"text-align: center;\"><strong>CAPTAIN XXI<\/strong><\/p>\n<p style=\"text-align: center;\"><strong>11 mars 2023<br \/><\/strong><\/p>\n<p style=\"text-align: center;\"><strong>5 Points Bar \u00e0 Aix-les-Bains<br \/><\/strong><\/p>\n<p>[\/et_pb_text][\/et_pb_column][et_pb_column type=\u00a0\u00bb1_6&Prime; _builder_version=\u00a0\u00bb4.20.4&Prime; _module_preset=\u00a0\u00bbdefault\u00a0\u00bb global_colors_info=\u00a0\u00bb{}\u00a0\u00bb][et_pb_text _builder_version=\u00a0\u00bb4.25.2&Prime; _module_preset=\u00a0\u00bbdefault\u00a0\u00bb text_font=\u00a0\u00bbMontserrat||||||||\u00a0\u00bb global_colors_info=\u00a0\u00bb{}\u00a0\u00bb]<\/p>\n<p style=\"text-align: center;\"><strong>MOTHER SATURN<\/strong><\/p>\n<p style=\"text-align: center;\"><a href=\"https:\/\/www.salamah.fr\/tour\/mother-saturn-10-juin-2023-2\/\" target=\"_blank\" rel=\"noopener\"><strong>10 juin 2023<\/strong><\/a><\/p>\n<p style=\"text-align: center;\"><a href=\"https:\/\/www.salamah.fr\/tour\/mother-saturn-10-juin-2023-2\/\" target=\"_blank\" rel=\"noopener\"><strong>Jardins de la brasserie du Merle \u00e0 Puygros<\/strong><\/a><\/p>\n<p style=\"text-align: center;\">&#8211; Organis\u00e9 par les Vaches Folles-<\/p>\n<p style=\"text-align: center;\"><a href=\"https:\/\/www.salamah.fr\/tour\/project\/mother-saturn\/\" target=\"_blank\" rel=\"noopener\">En savoir plus<\/a><\/p>\n<p>[\/et_pb_text][\/et_pb_column][et_pb_column type=\u00a0\u00bb1_6&Prime; _builder_version=\u00a0\u00bb4.20.4&Prime; _module_preset=\u00a0\u00bbdefault\u00a0\u00bb global_colors_info=\u00a0\u00bb{}\u00a0\u00bb][et_pb_text _builder_version=\u00a0\u00bb4.25.2&Prime; _module_preset=\u00a0\u00bbdefault\u00a0\u00bb text_font=\u00a0\u00bbMontserrat||||||||\u00a0\u00bb global_colors_info=\u00a0\u00bb{}\u00a0\u00bb]<\/p>\n<p style=\"text-align: center;\"><strong>JUST SES CILS<\/strong><\/p>\n<p style=\"text-align: center;\"><a href=\"https:\/\/www.salamah.fr\/tour\/just-ses-cils-24-juin-2023\/\" target=\"_blank\" rel=\"noopener\"><strong>24 juin 2023<\/strong><\/a><\/p>\n<p style=\"text-align: center;\"><a href=\"https:\/\/www.salamah.fr\/tour\/just-ses-cils-24-juin-2023\/\" target=\"_blank\" rel=\"noopener\"><strong>Refuge du Creux de Lachat \u00e0 Arith<\/strong><\/a><\/p>\n<p style=\"text-align: center;\"><a href=\"https:\/\/www.salamah.fr\/tour\/project\/just-ses-cils\/\" target=\"_blank\" rel=\"noopener\">En savoir plus\u00a0<\/a><\/p>\n<p>[\/et_pb_text][\/et_pb_column][et_pb_column type=\u00a0\u00bb1_6&Prime; _builder_version=\u00a0\u00bb4.20.4&Prime; _module_preset=\u00a0\u00bbdefault\u00a0\u00bb global_colors_info=\u00a0\u00bb{}\u00a0\u00bb][et_pb_text _builder_version=\u00a0\u00bb4.20.4&Prime; _module_preset=\u00a0\u00bbdefault\u00a0\u00bb text_font=\u00a0\u00bbMontserrat||||||||\u00a0\u00bb global_colors_info=\u00a0\u00bb{}\u00a0\u00bb]<\/p>\n<p style=\"text-align: center;\"><strong>CLAIRE DAYS <\/strong><\/p>\n<p style=\"text-align: center;\"><strong>17 sept 2023<\/strong><\/p>\n<p style=\"text-align: center;\"><strong>La Chartreuse d&rsquo;Aillon \u00e0 Aillon-le-Jeune<\/strong><\/p>\n<p style=\"text-align: center;\">&#8211; Organis\u00e9 par le Parc naturel R\u00e9gional du Massif des Bauges-<\/p>\n<p>[\/et_pb_text][\/et_pb_column][et_pb_column type=\u00a0\u00bb1_6&Prime; _builder_version=\u00a0\u00bb4.20.4&Prime; _module_preset=\u00a0\u00bbdefault\u00a0\u00bb global_colors_info=\u00a0\u00bb{}\u00a0\u00bb][et_pb_text _builder_version=\u00a0\u00bb4.22.2&Prime; _module_preset=\u00a0\u00bbdefault\u00a0\u00bb text_font=\u00a0\u00bbMontserrat||||||||\u00a0\u00bb global_colors_info=\u00a0\u00bb{}\u00a0\u00bb]<\/p>\n<p style=\"text-align: center;\"><strong>LEONID<\/strong><\/p>\n<p style=\"text-align: center;\"><a href=\"https:\/\/www.salamah.fr\/tour\/leonid-14-octobre-2023\/\"><strong>14 oct 2023<\/strong><\/a><\/p>\n<p style=\"text-align: center;\"><a href=\"https:\/\/www.salamah.fr\/tour\/leonid-14-octobre-2023\/\"><strong>La Fabrique des Bauges<\/strong><\/a><\/p>\n<p style=\"text-align: center;\">&#8211; Organis\u00e9 par La Cri\u00e9e en Bauges-<\/p>\n<p>[\/et_pb_text][\/et_pb_column][et_pb_column type=\u00a0\u00bb1_6&Prime; _builder_version=\u00a0\u00bb4.20.4&Prime; _module_preset=\u00a0\u00bbdefault\u00a0\u00bb global_colors_info=\u00a0\u00bb{}\u00a0\u00bb][et_pb_text _builder_version=\u00a0\u00bb4.25.2&Prime; _module_preset=\u00a0\u00bbdefault\u00a0\u00bb text_font=\u00a0\u00bbMontserrat||||||||\u00a0\u00bb global_colors_info=\u00a0\u00bb{}\u00a0\u00bb]<\/p>\n<p style=\"text-align: center;\"><strong>LAKAY<\/strong><\/p>\n<p style=\"text-align: center;\"><strong>15 d\u00e9cembre 2023<br \/><\/strong><\/p>\n<p style=\"text-align: center;\"><strong>La Brasserie du Merle \u00e0 Puygros<\/strong><a href=\"https:\/\/www.salamah.fr\/tour\/project\/sycamore-sisters\/\" target=\"_blank\" rel=\"noopener\"><\/a><\/p>\n<p>[\/et_pb_text][\/et_pb_column][\/et_pb_row][\/et_pb_section]<\/p>\n","protected":false},"excerpt":{"rendered":"<p>TOURN\u00c9E DES BAUGESEn 2023, Salamah a d\u00e9cid\u00e9 de porter une initiative de programmation en milieu rural sur le territoire des Bauges. Avec le soutien du CNM et de la r\u00e9gion Auvergne Rh\u00f4ne-Alpes, nous avons imagin\u00e9 une tourn\u00e9e 2023 qui propose 6 artistes dans 6 lieux du territoire des Bauges. Les artistes pr\u00e9sent\u00e9s sont Captain XXI, [&hellip;]<\/p>\n","protected":false},"author":1,"featured_media":0,"parent":0,"menu_order":0,"comment_status":"closed","ping_status":"closed","template":"","meta":{"_et_pb_use_builder":"on","_et_pb_old_content":"","_et_gb_content_width":"","footnotes":""},"class_list":["post-1407","page","type-page","status-publish","hentry"],"yoast_head":"<!-- This site is optimized with the Yoast SEO plugin v27.5 - https:\/\/yoast.com\/product\/yoast-seo-wordpress\/ -->\n<title>TOURNEE DES BAUGES - Salamah Productions<\/title>\n<meta name=\"robots\" content=\"index, follow, max-snippet:-1, max-image-preview:large, max-video-preview:-1\" \/>\n<link rel=\"canonical\" href=\"https:\/\/www.salamah.fr\/tour\/tournee-des-bauges\/\" \/>\n<meta property=\"og:locale\" content=\"fr_FR\" \/>\n<meta property=\"og:type\" content=\"article\" \/>\n<meta property=\"og:title\" content=\"TOURNEE DES BAUGES - Salamah Productions\" \/>\n<meta property=\"og:description\" content=\"TOURN\u00c9E DES BAUGESEn 2023, Salamah a d\u00e9cid\u00e9 de porter une initiative de programmation en milieu rural sur le territoire des Bauges. Avec le soutien du CNM et de la r\u00e9gion Auvergne Rh\u00f4ne-Alpes, nous avons imagin\u00e9 une tourn\u00e9e 2023 qui propose 6 artistes dans 6 lieux du territoire des Bauges. Les artistes pr\u00e9sent\u00e9s sont Captain XXI, [&hellip;]\" \/>\n<meta property=\"og:url\" content=\"https:\/\/www.salamah.fr\/tour\/tournee-des-bauges\/\" \/>\n<meta property=\"og:site_name\" content=\"Salamah Productions\" \/>\n<meta property=\"article:publisher\" content=\"https:\/\/www.facebook.com\/Salamah.Page\" \/>\n<meta property=\"article:modified_time\" content=\"2025-06-02T13:11:53+00:00\" \/>\n<meta name=\"twitter:card\" content=\"summary_large_image\" \/>\n<meta name=\"twitter:label1\" content=\"Dur\u00e9e de lecture estim\u00e9e\" \/>\n\t<meta name=\"twitter:data1\" content=\"5 minutes\" \/>\n<script type=\"application\/ld+json\" class=\"yoast-schema-graph\">{\"@context\":\"https:\\\/\\\/schema.org\",\"@graph\":[{\"@type\":\"WebPage\",\"@id\":\"https:\\\/\\\/www.salamah.fr\\\/tour\\\/tournee-des-bauges\\\/\",\"url\":\"https:\\\/\\\/www.salamah.fr\\\/tour\\\/tournee-des-bauges\\\/\",\"name\":\"TOURNEE DES BAUGES - Salamah Productions\",\"isPartOf\":{\"@id\":\"https:\\\/\\\/www.salamah.fr\\\/tour\\\/#website\"},\"datePublished\":\"2023-05-05T12:36:33+00:00\",\"dateModified\":\"2025-06-02T13:11:53+00:00\",\"breadcrumb\":{\"@id\":\"https:\\\/\\\/www.salamah.fr\\\/tour\\\/tournee-des-bauges\\\/#breadcrumb\"},\"inLanguage\":\"fr-FR\",\"potentialAction\":[{\"@type\":\"ReadAction\",\"target\":[\"https:\\\/\\\/www.salamah.fr\\\/tour\\\/tournee-des-bauges\\\/\"]}]},{\"@type\":\"BreadcrumbList\",\"@id\":\"https:\\\/\\\/www.salamah.fr\\\/tour\\\/tournee-des-bauges\\\/#breadcrumb\",\"itemListElement\":[{\"@type\":\"ListItem\",\"position\":1,\"name\":\"Accueil\",\"item\":\"https:\\\/\\\/www.salamah.fr\\\/tour\\\/\"},{\"@type\":\"ListItem\",\"position\":2,\"name\":\"TOURNEE DES BAUGES\"}]},{\"@type\":\"WebSite\",\"@id\":\"https:\\\/\\\/www.salamah.fr\\\/tour\\\/#website\",\"url\":\"https:\\\/\\\/www.salamah.fr\\\/tour\\\/\",\"name\":\"Salamah Productions\",\"description\":\"Label - Production - Booking\",\"publisher\":{\"@id\":\"https:\\\/\\\/www.salamah.fr\\\/tour\\\/#organization\"},\"potentialAction\":[{\"@type\":\"SearchAction\",\"target\":{\"@type\":\"EntryPoint\",\"urlTemplate\":\"https:\\\/\\\/www.salamah.fr\\\/tour\\\/?s={search_term_string}\"},\"query-input\":{\"@type\":\"PropertyValueSpecification\",\"valueRequired\":true,\"valueName\":\"search_term_string\"}}],\"inLanguage\":\"fr-FR\"},{\"@type\":\"Organization\",\"@id\":\"https:\\\/\\\/www.salamah.fr\\\/tour\\\/#organization\",\"name\":\"Salamah Productions\",\"url\":\"https:\\\/\\\/www.salamah.fr\\\/tour\\\/\",\"logo\":{\"@type\":\"ImageObject\",\"inLanguage\":\"fr-FR\",\"@id\":\"https:\\\/\\\/www.salamah.fr\\\/tour\\\/#\\\/schema\\\/logo\\\/image\\\/\",\"url\":\"https:\\\/\\\/www.salamah.fr\\\/tour\\\/wp-content\\\/uploads\\\/2022\\\/07\\\/Logo-Picto_Salamah_bleu.jpg\",\"contentUrl\":\"https:\\\/\\\/www.salamah.fr\\\/tour\\\/wp-content\\\/uploads\\\/2022\\\/07\\\/Logo-Picto_Salamah_bleu.jpg\",\"width\":600,\"height\":800,\"caption\":\"Salamah Productions\"},\"image\":{\"@id\":\"https:\\\/\\\/www.salamah.fr\\\/tour\\\/#\\\/schema\\\/logo\\\/image\\\/\"},\"sameAs\":[\"https:\\\/\\\/www.facebook.com\\\/Salamah.Page\",\"https:\\\/\\\/www.instagram.com\\\/salamahprod\\\/?hl=fr\",\"https:\\\/\\\/salamah.bandcamp.com\\\/\"]}]}<\/script>\n<!-- \/ Yoast SEO plugin. -->","yoast_head_json":{"title":"TOURNEE DES BAUGES - Salamah Productions","robots":{"index":"index","follow":"follow","max-snippet":"max-snippet:-1","max-image-preview":"max-image-preview:large","max-video-preview":"max-video-preview:-1"},"canonical":"https:\/\/www.salamah.fr\/tour\/tournee-des-bauges\/","og_locale":"fr_FR","og_type":"article","og_title":"TOURNEE DES BAUGES - Salamah Productions","og_description":"TOURN\u00c9E DES BAUGESEn 2023, Salamah a d\u00e9cid\u00e9 de porter une initiative de programmation en milieu rural sur le territoire des Bauges. Avec le soutien du CNM et de la r\u00e9gion Auvergne Rh\u00f4ne-Alpes, nous avons imagin\u00e9 une tourn\u00e9e 2023 qui propose 6 artistes dans 6 lieux du territoire des Bauges. Les artistes pr\u00e9sent\u00e9s sont Captain XXI, [&hellip;]","og_url":"https:\/\/www.salamah.fr\/tour\/tournee-des-bauges\/","og_site_name":"Salamah Productions","article_publisher":"https:\/\/www.facebook.com\/Salamah.Page","article_modified_time":"2025-06-02T13:11:53+00:00","twitter_card":"summary_large_image","twitter_misc":{"Dur\u00e9e de lecture estim\u00e9e":"5 minutes"},"schema":{"@context":"https:\/\/schema.org","@graph":[{"@type":"WebPage","@id":"https:\/\/www.salamah.fr\/tour\/tournee-des-bauges\/","url":"https:\/\/www.salamah.fr\/tour\/tournee-des-bauges\/","name":"TOURNEE DES BAUGES - Salamah Productions","isPartOf":{"@id":"https:\/\/www.salamah.fr\/tour\/#website"},"datePublished":"2023-05-05T12:36:33+00:00","dateModified":"2025-06-02T13:11:53+00:00","breadcrumb":{"@id":"https:\/\/www.salamah.fr\/tour\/tournee-des-bauges\/#breadcrumb"},"inLanguage":"fr-FR","potentialAction":[{"@type":"ReadAction","target":["https:\/\/www.salamah.fr\/tour\/tournee-des-bauges\/"]}]},{"@type":"BreadcrumbList","@id":"https:\/\/www.salamah.fr\/tour\/tournee-des-bauges\/#breadcrumb","itemListElement":[{"@type":"ListItem","position":1,"name":"Accueil","item":"https:\/\/www.salamah.fr\/tour\/"},{"@type":"ListItem","position":2,"name":"TOURNEE DES BAUGES"}]},{"@type":"WebSite","@id":"https:\/\/www.salamah.fr\/tour\/#website","url":"https:\/\/www.salamah.fr\/tour\/","name":"Salamah Productions","description":"Label - Production - Booking","publisher":{"@id":"https:\/\/www.salamah.fr\/tour\/#organization"},"potentialAction":[{"@type":"SearchAction","target":{"@type":"EntryPoint","urlTemplate":"https:\/\/www.salamah.fr\/tour\/?s={search_term_string}"},"query-input":{"@type":"PropertyValueSpecification","valueRequired":true,"valueName":"search_term_string"}}],"inLanguage":"fr-FR"},{"@type":"Organization","@id":"https:\/\/www.salamah.fr\/tour\/#organization","name":"Salamah Productions","url":"https:\/\/www.salamah.fr\/tour\/","logo":{"@type":"ImageObject","inLanguage":"fr-FR","@id":"https:\/\/www.salamah.fr\/tour\/#\/schema\/logo\/image\/","url":"https:\/\/www.salamah.fr\/tour\/wp-content\/uploads\/2022\/07\/Logo-Picto_Salamah_bleu.jpg","contentUrl":"https:\/\/www.salamah.fr\/tour\/wp-content\/uploads\/2022\/07\/Logo-Picto_Salamah_bleu.jpg","width":600,"height":800,"caption":"Salamah Productions"},"image":{"@id":"https:\/\/www.salamah.fr\/tour\/#\/schema\/logo\/image\/"},"sameAs":["https:\/\/www.facebook.com\/Salamah.Page","https:\/\/www.instagram.com\/salamahprod\/?hl=fr","https:\/\/salamah.bandcamp.com\/"]}]}},"_links":{"self":[{"href":"https:\/\/www.salamah.fr\/tour\/wp-json\/wp\/v2\/pages\/1407","targetHints":{"allow":["GET"]}}],"collection":[{"href":"https:\/\/www.salamah.fr\/tour\/wp-json\/wp\/v2\/pages"}],"about":[{"href":"https:\/\/www.salamah.fr\/tour\/wp-json\/wp\/v2\/types\/page"}],"author":[{"embeddable":true,"href":"https:\/\/www.salamah.fr\/tour\/wp-json\/wp\/v2\/users\/1"}],"replies":[{"embeddable":true,"href":"https:\/\/www.salamah.fr\/tour\/wp-json\/wp\/v2\/comments?post=1407"}],"version-history":[{"count":19,"href":"https:\/\/www.salamah.fr\/tour\/wp-json\/wp\/v2\/pages\/1407\/revisions"}],"predecessor-version":[{"id":2948,"href":"https:\/\/www.salamah.fr\/tour\/wp-json\/wp\/v2\/pages\/1407\/revisions\/2948"}],"wp:attachment":[{"href":"https:\/\/www.salamah.fr\/tour\/wp-json\/wp\/v2\/media?parent=1407"}],"curies":[{"name":"wp","href":"https:\/\/api.w.org\/{rel}","templated":true}]}}