{"id":530,"date":"2022-05-05T13:20:52","date_gmt":"2022-05-05T11:20:52","guid":{"rendered":"https:\/\/www.salamah.fr\/tour\/?page_id=530"},"modified":"2022-11-11T16:06:45","modified_gmt":"2022-11-11T15:06:45","slug":"les-news","status":"publish","type":"page","link":"https:\/\/www.salamah.fr\/tour\/les-news\/","title":{"rendered":"LES NEWS"},"content":{"rendered":"<p>[et_pb_section fb_built=\u00a0\u00bb1&Prime; admin_label=\u00a0\u00bbHero\u00a0\u00bb _builder_version=\u00a0\u00bb4.16&Prime; background_image=\u00a0\u00bbhttps:\/\/www.salamah.fr\/tour\/wp-content\/uploads\/2022\/03\/circle-background-pattern.png\u00a0\u00bb min_height=\u00a0\u00bb231.5px\u00a0\u00bb custom_padding=\u00a0\u00bb||0px|||\u00a0\u00bb animation_style=\u00a0\u00bbzoom\u00a0\u00bb animation_intensity_zoom=\u00a0\u00bb4%\u00a0\u00bb global_colors_info=\u00a0\u00bb{}\u00a0\u00bb][et_pb_row _builder_version=\u00a0\u00bb4.16&Prime; background_size=\u00a0\u00bbinitial\u00a0\u00bb background_position=\u00a0\u00bbtop_left\u00a0\u00bb background_repeat=\u00a0\u00bbrepeat\u00a0\u00bb custom_margin=\u00a0\u00bb|auto|-27px|auto||\u00a0\u00bb custom_padding=\u00a0\u00bb||0px|||\u00a0\u00bb animation_style=\u00a0\u00bbslide\u00a0\u00bb animation_direction=\u00a0\u00bbtop\u00a0\u00bb animation_intensity_slide=\u00a0\u00bb3%\u00a0\u00bb global_colors_info=\u00a0\u00bb{}\u00a0\u00bb][et_pb_column type=\u00a0\u00bb4_4&Prime; _builder_version=\u00a0\u00bb4.16&Prime; custom_padding=\u00a0\u00bb|||\u00a0\u00bb global_colors_info=\u00a0\u00bb{}\u00a0\u00bb custom_padding__hover=\u00a0\u00bb|||\u00a0\u00bb][et_pb_text _builder_version=\u00a0\u00bb4.18.0&Prime; text_font=\u00a0\u00bb||||||||\u00a0\u00bb header_font=\u00a0\u00bbMontserrat|700||on|||||dotted\u00a0\u00bb header_text_align=\u00a0\u00bbcenter\u00a0\u00bb header_text_color=\u00a0\u00bb#353740&Prime; header_font_size=\u00a0\u00bb46px\u00a0\u00bb header_line_height=\u00a0\u00bb1.3em\u00a0\u00bb background_size=\u00a0\u00bbinitial\u00a0\u00bb background_position=\u00a0\u00bbtop_left\u00a0\u00bb background_repeat=\u00a0\u00bbrepeat\u00a0\u00bb custom_margin=\u00a0\u00bb|||\u00a0\u00bb animation_style=\u00a0\u00bbfade\u00a0\u00bb header_font_tablet=\u00a0\u00bbMontserrat|700||on|||||dotted\u00a0\u00bb header_font_phone=\u00a0\u00bbMontserrat|700||on|||||dotted\u00a0\u00bb header_font_last_edited=\u00a0\u00bbon|phone\u00a0\u00bb header_font_size_last_edited=\u00a0\u00bboff|desktop\u00a0\u00bb locked=\u00a0\u00bboff\u00a0\u00bb global_colors_info=\u00a0\u00bb{}\u00a0\u00bb]<\/p>\n<h1>Les NEWS<\/h1>\n<p>[\/et_pb_text][et_pb_divider show_divider=\u00a0\u00bboff\u00a0\u00bb disabled_on=\u00a0\u00bbon|on|off\u00a0\u00bb _builder_version=\u00a0\u00bb4.16&Prime; max_width=\u00a0\u00bb120px\u00a0\u00bb animation_style=\u00a0\u00bbslide\u00a0\u00bb animation_direction=\u00a0\u00bbtop\u00a0\u00bb animation_intensity_slide=\u00a0\u00bb30%\u00a0\u00bb global_colors_info=\u00a0\u00bb{}\u00a0\u00bb][\/et_pb_divider][\/et_pb_column][\/et_pb_row][\/et_pb_section][et_pb_section fb_built=\u00a0\u00bb1&Prime; admin_label=\u00a0\u00bbBlog Section\u00a0\u00bb _builder_version=\u00a0\u00bb4.16&Prime; custom_margin=\u00a0\u00bb|||\u00a0\u00bb custom_padding=\u00a0\u00bb1px||0px|||\u00a0\u00bb global_colors_info=\u00a0\u00bb{}\u00a0\u00bb][et_pb_row use_custom_gutter=\u00a0\u00bbon\u00a0\u00bb gutter_width=\u00a0\u00bb2&Prime; admin_label=\u00a0\u00bbBlog Area\u00a0\u00bb _builder_version=\u00a0\u00bb4.16&Prime; max_width=\u00a0\u00bb80%\u00a0\u00bb use_custom_width=\u00a0\u00bbon\u00a0\u00bb width_unit=\u00a0\u00bboff\u00a0\u00bb global_colors_info=\u00a0\u00bb{}\u00a0\u00bb][et_pb_column type=\u00a0\u00bb4_4&Prime; _builder_version=\u00a0\u00bb4.16&Prime; custom_padding=\u00a0\u00bb|||\u00a0\u00bb global_colors_info=\u00a0\u00bb{}\u00a0\u00bb custom_padding__hover=\u00a0\u00bb|||\u00a0\u00bb][et_pb_blog fullwidth=\u00a0\u00bboff\u00a0\u00bb posts_number=\u00a0\u00bb40&Prime; show_more=\u00a0\u00bbon\u00a0\u00bb show_author=\u00a0\u00bboff\u00a0\u00bb show_date=\u00a0\u00bboff\u00a0\u00bb show_categories=\u00a0\u00bboff\u00a0\u00bb _builder_version=\u00a0\u00bb4.18.0&Prime; header_font=\u00a0\u00bbMontserrat|on|||\u00a0\u00bb header_text_color=\u00a0\u00bb#353740&Prime; header_font_size=\u00a0\u00bb22px\u00a0\u00bb header_line_height=\u00a0\u00bb1.2em\u00a0\u00bb body_font=\u00a0\u00bbMontserrat||||\u00a0\u00bb body_text_color=\u00a0\u00bb#747d88&Prime; body_font_size=\u00a0\u00bb16px\u00a0\u00bb body_line_height=\u00a0\u00bb1.8em\u00a0\u00bb meta_font=\u00a0\u00bbMontserrat||||\u00a0\u00bb meta_text_color=\u00a0\u00bb#949ba3&Prime; pagination_font=\u00a0\u00bbMontserrat||||\u00a0\u00bb pagination_text_color=\u00a0\u00bb#747d88&Prime; animation_style=\u00a0\u00bbfade\u00a0\u00bb border_width_all=\u00a0\u00bb1px\u00a0\u00bb border_color_all=\u00a0\u00bb#d8d8d8&Prime; border_style_all=\u00a0\u00bbsolid\u00a0\u00bb border_width_all_fullwidth=\u00a0\u00bb1px\u00a0\u00bb border_color_all_fullwidth=\u00a0\u00bb#d8d8d8&Prime; border_style_all_fullwidth=\u00a0\u00bbsolid\u00a0\u00bb box_shadow_style=\u00a0\u00bbpreset1&Prime; box_shadow_blur=\u00a0\u00bb24px\u00a0\u00bb box_shadow_color=\u00a0\u00bbrgba(53,55,64,0.1)\u00a0\u00bb use_border_color=\u00a0\u00bbon\u00a0\u00bb global_colors_info=\u00a0\u00bb{}\u00a0\u00bb][\/et_pb_blog][\/et_pb_column][\/et_pb_row][\/et_pb_section][et_pb_section fb_built=\u00a0\u00bb1&Prime; admin_label=\u00a0\u00bbSubscription Section\u00a0\u00bb _builder_version=\u00a0\u00bb4.19.0&Prime; background_color=\u00a0\u00bb#e8e8e8&Prime; custom_padding=\u00a0\u00bb46px||70px|||\u00a0\u00bb global_colors_info=\u00a0\u00bb{}\u00a0\u00bb][et_pb_row admin_label=\u00a0\u00bbSubscription Area\u00a0\u00bb _builder_version=\u00a0\u00bb4.16&Prime; custom_margin=\u00a0\u00bb2px|auto||auto||\u00a0\u00bb custom_padding=\u00a0\u00bb2px|||||\u00a0\u00bb global_colors_info=\u00a0\u00bb{}\u00a0\u00bb][et_pb_column type=\u00a0\u00bb4_4&Prime; _builder_version=\u00a0\u00bb4.16&Prime; custom_padding=\u00a0\u00bb|||\u00a0\u00bb global_colors_info=\u00a0\u00bb{}\u00a0\u00bb custom_padding__hover=\u00a0\u00bb|||\u00a0\u00bb][et_pb_signup mailchimp_list=\u00a0\u00bbSalamah SALAMAH|faeff1f212&Prime; name_field=\u00a0\u00bbon\u00a0\u00bb success_message=\u00a0\u00bbBravo, vous \u00eates d\u00e9sormais inscrit \u00e0 notre newsletter ! \u00a0\u00bb title=\u00a0\u00bbAbonne toi \u00e0 la newsletter  Salamah !\u00a0\u00bb description=\u00a0\u00bb<\/p>\n<p>Pour \u00eatre au courant des activit\u00e9s de SALAMAH PRODUCTIONS, abonnez-vous \u00e0 notre newletter !<\/p>\n<p>\u00a0\u00bb _builder_version=\u00a0\u00bb4.19.0&Prime; form_field_background_color=\u00a0\u00bb#ffffff\u00a0\u00bb form_field_text_color=\u00a0\u00bb#747d88&Prime; header_font=\u00a0\u00bbMontserrat|on|||\u00a0\u00bb header_text_align=\u00a0\u00bbleft\u00a0\u00bb header_text_color=\u00a0\u00bb#353740&Prime; header_font_size=\u00a0\u00bb38px\u00a0\u00bb body_font=\u00a0\u00bbMontserrat||||\u00a0\u00bb body_text_color=\u00a0\u00bb#747d88&Prime; body_font_size=\u00a0\u00bb16px\u00a0\u00bb body_line_height=\u00a0\u00bb1.6em\u00a0\u00bb use_background_color=\u00a0\u00bboff\u00a0\u00bb custom_button=\u00a0\u00bbon\u00a0\u00bb button_text_color=\u00a0\u00bb#747d88&Prime; button_border_width=\u00a0\u00bb3px\u00a0\u00bb button_border_color=\u00a0\u00bb#747d88&Prime; button_border_radius=\u00a0\u00bb100px\u00a0\u00bb button_letter_spacing=\u00a0\u00bb2px\u00a0\u00bb button_font=\u00a0\u00bbMontserrat|on||on|\u00a0\u00bb button_icon=\u00a0\u00bb&#x45;||divi||400&Prime; animation_style=\u00a0\u00bbfade\u00a0\u00bb hover_enabled=\u00a0\u00bb0&Prime; header_font_tablet=\u00a0\u00bbMontserrat|on|||\u00a0\u00bb header_font_phone=\u00a0\u00bbMontserrat|on|||\u00a0\u00bb header_font_last_edited=\u00a0\u00bbon|phone\u00a0\u00bb body_font_tablet=\u00a0\u00bbMontserrat||||\u00a0\u00bb body_font_phone=\u00a0\u00bbMontserrat||||\u00a0\u00bb body_font_last_edited=\u00a0\u00bbon|phone\u00a0\u00bb button_text_size_tablet=\u00a0\u00bb\u00a0\u00bb button_text_size_phone=\u00a0\u00bb18px\u00a0\u00bb button_text_size_last_edited=\u00a0\u00bbon|phone\u00a0\u00bb button_text_color_hover=\u00a0\u00bb#747d88&Prime; button_letter_spacing_hover=\u00a0\u00bb2px\u00a0\u00bb button_bg_color_hover=\u00a0\u00bbrgba(0,0,0,0)\u00a0\u00bb global_colors_info=\u00a0\u00bb{}\u00a0\u00bb button_text_size__hover_enabled=\u00a0\u00bboff\u00a0\u00bb button_one_text_size__hover_enabled=\u00a0\u00bboff\u00a0\u00bb button_two_text_size__hover_enabled=\u00a0\u00bboff\u00a0\u00bb button_text_color__hover_enabled=\u00a0\u00bbon\u00a0\u00bb button_text_color__hover=\u00a0\u00bb#747d88&Prime; button_one_text_color__hover_enabled=\u00a0\u00bboff\u00a0\u00bb button_two_text_color__hover_enabled=\u00a0\u00bboff\u00a0\u00bb button_border_width__hover_enabled=\u00a0\u00bboff\u00a0\u00bb button_one_border_width__hover_enabled=\u00a0\u00bboff\u00a0\u00bb button_two_border_width__hover_enabled=\u00a0\u00bboff\u00a0\u00bb button_border_color__hover_enabled=\u00a0\u00bboff\u00a0\u00bb button_one_border_color__hover_enabled=\u00a0\u00bboff\u00a0\u00bb button_two_border_color__hover_enabled=\u00a0\u00bboff\u00a0\u00bb button_border_radius__hover_enabled=\u00a0\u00bboff\u00a0\u00bb button_one_border_radius__hover_enabled=\u00a0\u00bboff\u00a0\u00bb button_two_border_radius__hover_enabled=\u00a0\u00bboff\u00a0\u00bb button_letter_spacing__hover_enabled=\u00a0\u00bbon\u00a0\u00bb button_letter_spacing__hover=\u00a0\u00bb2px\u00a0\u00bb button_one_letter_spacing__hover_enabled=\u00a0\u00bboff\u00a0\u00bb button_two_letter_spacing__hover_enabled=\u00a0\u00bboff\u00a0\u00bb button_bg_color__hover_enabled=\u00a0\u00bbon\u00a0\u00bb button_bg_color__hover=\u00a0\u00bbrgba(0,0,0,0)\u00a0\u00bb button_one_bg_color__hover_enabled=\u00a0\u00bboff\u00a0\u00bb button_two_bg_color__hover_enabled=\u00a0\u00bboff\u00a0\u00bb result_message_text_color=\u00a0\u00bb#4c4c4c\u00a0\u00bb sticky_enabled=\u00a0\u00bb0&Prime;]<\/p>\n<p><span>Curabitur aliquam justo ex, ac varius sem facilisis a. In vel felis eros. Fusce ipsum enim, ultrices at ante sollicitudin, faucibus hendrerit nunc. Nullam tempor nulla eu imperdiet interdum. Mauris euismod mattis consectetur.\u00a0<\/span><\/p>\n<p>[\/et_pb_signup][\/et_pb_column][\/et_pb_row][\/et_pb_section]<\/p>\n","protected":false},"excerpt":{"rendered":"<p>Les NEWSCurabitur aliquam justo ex, ac varius sem facilisis a. In vel felis eros. Fusce ipsum enim, ultrices at ante sollicitudin, faucibus hendrerit nunc. Nullam tempor nulla eu imperdiet interdum. Mauris euismod mattis consectetur.\u00a0<\/p>\n","protected":false},"author":1,"featured_media":0,"parent":0,"menu_order":0,"comment_status":"closed","ping_status":"closed","template":"","meta":{"_et_pb_use_builder":"on","_et_pb_old_content":"<!-- wp:divi\/placeholder \/-->","_et_gb_content_width":"","footnotes":""},"class_list":["post-530","page","type-page","status-publish","hentry"],"yoast_head":"<!-- This site is optimized with the Yoast SEO plugin v27.5 - https:\/\/yoast.com\/product\/yoast-seo-wordpress\/ -->\n<title>LES NEWS - Salamah Productions<\/title>\n<meta name=\"robots\" content=\"index, follow, max-snippet:-1, max-image-preview:large, max-video-preview:-1\" \/>\n<link rel=\"canonical\" href=\"https:\/\/www.salamah.fr\/tour\/les-news\/\" \/>\n<meta property=\"og:locale\" content=\"fr_FR\" \/>\n<meta property=\"og:type\" content=\"article\" \/>\n<meta property=\"og:title\" content=\"LES NEWS - Salamah Productions\" \/>\n<meta property=\"og:description\" content=\"Les NEWSCurabitur aliquam justo ex, ac varius sem facilisis a. In vel felis eros. Fusce ipsum enim, ultrices at ante sollicitudin, faucibus hendrerit nunc. Nullam tempor nulla eu imperdiet interdum. Mauris euismod mattis consectetur.\u00a0\" \/>\n<meta property=\"og:url\" content=\"https:\/\/www.salamah.fr\/tour\/les-news\/\" \/>\n<meta property=\"og:site_name\" content=\"Salamah Productions\" \/>\n<meta property=\"article:publisher\" content=\"https:\/\/www.facebook.com\/Salamah.Page\" \/>\n<meta property=\"article:modified_time\" content=\"2022-11-11T15:06:45+00:00\" \/>\n<meta name=\"twitter:card\" content=\"summary_large_image\" \/>\n<meta name=\"twitter:label1\" content=\"Dur\u00e9e de lecture estim\u00e9e\" \/>\n\t<meta name=\"twitter:data1\" content=\"4 minutes\" \/>\n<script type=\"application\/ld+json\" class=\"yoast-schema-graph\">{\"@context\":\"https:\\\/\\\/schema.org\",\"@graph\":[{\"@type\":\"WebPage\",\"@id\":\"https:\\\/\\\/www.salamah.fr\\\/tour\\\/les-news\\\/\",\"url\":\"https:\\\/\\\/www.salamah.fr\\\/tour\\\/les-news\\\/\",\"name\":\"LES NEWS - Salamah Productions\",\"isPartOf\":{\"@id\":\"https:\\\/\\\/www.salamah.fr\\\/tour\\\/#website\"},\"datePublished\":\"2022-05-05T11:20:52+00:00\",\"dateModified\":\"2022-11-11T15:06:45+00:00\",\"breadcrumb\":{\"@id\":\"https:\\\/\\\/www.salamah.fr\\\/tour\\\/les-news\\\/#breadcrumb\"},\"inLanguage\":\"fr-FR\",\"potentialAction\":[{\"@type\":\"ReadAction\",\"target\":[\"https:\\\/\\\/www.salamah.fr\\\/tour\\\/les-news\\\/\"]}]},{\"@type\":\"BreadcrumbList\",\"@id\":\"https:\\\/\\\/www.salamah.fr\\\/tour\\\/les-news\\\/#breadcrumb\",\"itemListElement\":[{\"@type\":\"ListItem\",\"position\":1,\"name\":\"Accueil\",\"item\":\"https:\\\/\\\/www.salamah.fr\\\/tour\\\/\"},{\"@type\":\"ListItem\",\"position\":2,\"name\":\"LES NEWS\"}]},{\"@type\":\"WebSite\",\"@id\":\"https:\\\/\\\/www.salamah.fr\\\/tour\\\/#website\",\"url\":\"https:\\\/\\\/www.salamah.fr\\\/tour\\\/\",\"name\":\"Salamah Productions\",\"description\":\"Label - Production - Booking\",\"publisher\":{\"@id\":\"https:\\\/\\\/www.salamah.fr\\\/tour\\\/#organization\"},\"potentialAction\":[{\"@type\":\"SearchAction\",\"target\":{\"@type\":\"EntryPoint\",\"urlTemplate\":\"https:\\\/\\\/www.salamah.fr\\\/tour\\\/?s={search_term_string}\"},\"query-input\":{\"@type\":\"PropertyValueSpecification\",\"valueRequired\":true,\"valueName\":\"search_term_string\"}}],\"inLanguage\":\"fr-FR\"},{\"@type\":\"Organization\",\"@id\":\"https:\\\/\\\/www.salamah.fr\\\/tour\\\/#organization\",\"name\":\"Salamah Productions\",\"url\":\"https:\\\/\\\/www.salamah.fr\\\/tour\\\/\",\"logo\":{\"@type\":\"ImageObject\",\"inLanguage\":\"fr-FR\",\"@id\":\"https:\\\/\\\/www.salamah.fr\\\/tour\\\/#\\\/schema\\\/logo\\\/image\\\/\",\"url\":\"https:\\\/\\\/www.salamah.fr\\\/tour\\\/wp-content\\\/uploads\\\/2022\\\/07\\\/Logo-Picto_Salamah_bleu.jpg\",\"contentUrl\":\"https:\\\/\\\/www.salamah.fr\\\/tour\\\/wp-content\\\/uploads\\\/2022\\\/07\\\/Logo-Picto_Salamah_bleu.jpg\",\"width\":600,\"height\":800,\"caption\":\"Salamah Productions\"},\"image\":{\"@id\":\"https:\\\/\\\/www.salamah.fr\\\/tour\\\/#\\\/schema\\\/logo\\\/image\\\/\"},\"sameAs\":[\"https:\\\/\\\/www.facebook.com\\\/Salamah.Page\",\"https:\\\/\\\/www.instagram.com\\\/salamahprod\\\/?hl=fr\",\"https:\\\/\\\/salamah.bandcamp.com\\\/\"]}]}<\/script>\n<!-- \/ Yoast SEO plugin. -->","yoast_head_json":{"title":"LES NEWS - Salamah Productions","robots":{"index":"index","follow":"follow","max-snippet":"max-snippet:-1","max-image-preview":"max-image-preview:large","max-video-preview":"max-video-preview:-1"},"canonical":"https:\/\/www.salamah.fr\/tour\/les-news\/","og_locale":"fr_FR","og_type":"article","og_title":"LES NEWS - Salamah Productions","og_description":"Les NEWSCurabitur aliquam justo ex, ac varius sem facilisis a. In vel felis eros. Fusce ipsum enim, ultrices at ante sollicitudin, faucibus hendrerit nunc. Nullam tempor nulla eu imperdiet interdum. Mauris euismod mattis consectetur.\u00a0","og_url":"https:\/\/www.salamah.fr\/tour\/les-news\/","og_site_name":"Salamah Productions","article_publisher":"https:\/\/www.facebook.com\/Salamah.Page","article_modified_time":"2022-11-11T15:06:45+00:00","twitter_card":"summary_large_image","twitter_misc":{"Dur\u00e9e de lecture estim\u00e9e":"4 minutes"},"schema":{"@context":"https:\/\/schema.org","@graph":[{"@type":"WebPage","@id":"https:\/\/www.salamah.fr\/tour\/les-news\/","url":"https:\/\/www.salamah.fr\/tour\/les-news\/","name":"LES NEWS - Salamah Productions","isPartOf":{"@id":"https:\/\/www.salamah.fr\/tour\/#website"},"datePublished":"2022-05-05T11:20:52+00:00","dateModified":"2022-11-11T15:06:45+00:00","breadcrumb":{"@id":"https:\/\/www.salamah.fr\/tour\/les-news\/#breadcrumb"},"inLanguage":"fr-FR","potentialAction":[{"@type":"ReadAction","target":["https:\/\/www.salamah.fr\/tour\/les-news\/"]}]},{"@type":"BreadcrumbList","@id":"https:\/\/www.salamah.fr\/tour\/les-news\/#breadcrumb","itemListElement":[{"@type":"ListItem","position":1,"name":"Accueil","item":"https:\/\/www.salamah.fr\/tour\/"},{"@type":"ListItem","position":2,"name":"LES NEWS"}]},{"@type":"WebSite","@id":"https:\/\/www.salamah.fr\/tour\/#website","url":"https:\/\/www.salamah.fr\/tour\/","name":"Salamah Productions","description":"Label - Production - Booking","publisher":{"@id":"https:\/\/www.salamah.fr\/tour\/#organization"},"potentialAction":[{"@type":"SearchAction","target":{"@type":"EntryPoint","urlTemplate":"https:\/\/www.salamah.fr\/tour\/?s={search_term_string}"},"query-input":{"@type":"PropertyValueSpecification","valueRequired":true,"valueName":"search_term_string"}}],"inLanguage":"fr-FR"},{"@type":"Organization","@id":"https:\/\/www.salamah.fr\/tour\/#organization","name":"Salamah Productions","url":"https:\/\/www.salamah.fr\/tour\/","logo":{"@type":"ImageObject","inLanguage":"fr-FR","@id":"https:\/\/www.salamah.fr\/tour\/#\/schema\/logo\/image\/","url":"https:\/\/www.salamah.fr\/tour\/wp-content\/uploads\/2022\/07\/Logo-Picto_Salamah_bleu.jpg","contentUrl":"https:\/\/www.salamah.fr\/tour\/wp-content\/uploads\/2022\/07\/Logo-Picto_Salamah_bleu.jpg","width":600,"height":800,"caption":"Salamah Productions"},"image":{"@id":"https:\/\/www.salamah.fr\/tour\/#\/schema\/logo\/image\/"},"sameAs":["https:\/\/www.facebook.com\/Salamah.Page","https:\/\/www.instagram.com\/salamahprod\/?hl=fr","https:\/\/salamah.bandcamp.com\/"]}]}},"_links":{"self":[{"href":"https:\/\/www.salamah.fr\/tour\/wp-json\/wp\/v2\/pages\/530","targetHints":{"allow":["GET"]}}],"collection":[{"href":"https:\/\/www.salamah.fr\/tour\/wp-json\/wp\/v2\/pages"}],"about":[{"href":"https:\/\/www.salamah.fr\/tour\/wp-json\/wp\/v2\/types\/page"}],"author":[{"embeddable":true,"href":"https:\/\/www.salamah.fr\/tour\/wp-json\/wp\/v2\/users\/1"}],"replies":[{"embeddable":true,"href":"https:\/\/www.salamah.fr\/tour\/wp-json\/wp\/v2\/comments?post=530"}],"version-history":[{"count":19,"href":"https:\/\/www.salamah.fr\/tour\/wp-json\/wp\/v2\/pages\/530\/revisions"}],"predecessor-version":[{"id":2881,"href":"https:\/\/www.salamah.fr\/tour\/wp-json\/wp\/v2\/pages\/530\/revisions\/2881"}],"wp:attachment":[{"href":"https:\/\/www.salamah.fr\/tour\/wp-json\/wp\/v2\/media?parent=530"}],"curies":[{"name":"wp","href":"https:\/\/api.w.org\/{rel}","templated":true}]}}